{"id":13,"date":"2021-07-27T04:59:14","date_gmt":"2021-07-27T04:59:14","guid":{"rendered":"https:\/\/jesuis-cosmetics.com\/croatia\/?post_type=product&#038;p=13"},"modified":"2024-08-10T09:41:56","modified_gmt":"2024-08-10T09:41:56","slug":"magnetna-maska","status":"publish","type":"product","link":"https:\/\/jesuis-cosmetics.com\/croatia\/izdelek\/magnetna-maska\/","title":{"rendered":"MAGNETNA MASKA"},"content":{"rendered":"<p><strong>Obe\u0107avamo vam WOW efekt!<\/strong> Jesi li spreman? Ovu masku ne perete vodom kao ostale nakon nano\u0161enja, ve\u0107 je uklanjate snagom magneta! Na taj na\u010din duboko uklanjate sve ne\u010disto\u0107e iz pora, a na ko\u017ei ostaju samo hranjive tvari sadr\u017eane u maski.<\/p>\n<div style=\"width: 1020px;\" class=\"wp-video\"><!--[if lt IE 9]><script>document.createElement('video');<\/script><![endif]-->\n<video class=\"wp-video-shortcode\" id=\"video-13-1\" width=\"1020\" height=\"1020\" preload=\"metadata\" controls=\"controls\"><source type=\"video\/mp4\" src=\"https:\/\/jesuis-cosmetics.com\/croatia\/wp-content\/uploads\/sites\/4\/2021\/07\/magnetna-maska-odstranjevanjeLOOP-\u2011-Made-with-FlexClip.mp4?_=1\" \/><a href=\"https:\/\/jesuis-cosmetics.com\/croatia\/wp-content\/uploads\/sites\/4\/2021\/07\/magnetna-maska-odstranjevanjeLOOP-\u2011-Made-with-FlexClip.mp4\">https:\/\/jesuis-cosmetics.com\/croatia\/wp-content\/uploads\/sites\/4\/2021\/07\/magnetna-maska-odstranjevanjeLOOP-\u2011-Made-with-FlexClip.mp4<\/a><\/video><\/div>\n<p><strong>Kako radi?<\/strong> Osim hranjivih sastojaka, maska \u200b\u200bsadr\u017ei i \u010destice \u017eeljeznog praha koje se aktiviraju kada magnetom klizimo po ko\u017ei. Upravo zbog toga, maska \u200b\u200bubrzava cirkulaciju krvi i \u201eizvla\u010di\u201c ne\u010disto\u0107e s lica. Nakon kori\u0161tenja magneta na ko\u017ei ostaje samo njeguju\u0107a krema koja se nje\u017eno utrlja u ko\u017eu. Mo\u017eemo re\u0107i da je to proizvod dva u jednom.<\/p>\n<p><strong>Koristiti za WOW efekt?<\/strong><\/p>\n<ol>\n<li>Lopaticom nanesite masku na lice, izbjegavaju\u0107i kontakt o\u010dima.<\/li>\n<li>Ostavite ga na ko\u017ei 3-5 minuta.<\/li>\n<li>Zamotajte magnet rup\u010di\u0107em i pomo\u0107u njega uklonite masku jednostavnim klizanjem pola centimetra iznad ko\u017ee, a da je zapravo ne dodirnete.<\/li>\n<li>Za maksimalan u\u010dinak, ostatak umasirajte u ko\u017eu (nemojte ispirati vodom).<\/li>\n<\/ol>\n<p><strong>INCI:\u00a0<\/strong>77492, Cyclopentasiloxane, Dimethicone Crosspolymer, Caprylic\/Capric Triglyceride, Prunus Amygdalus Dulcis Oil, Tocopherol, Simmondsia Chinensis Seed Oil, Olea Europaea Fruit Oil, Retinyl Palmitate, Helianthus Annuus Seed Oil, Caprylyl Glycol, Parfum, Lactic Acid, C12-15 Alkyl Benzoate, Dipropylene Glycol, Glyceryl Caprylate, Sorbitan Laurate, C18-36 Acid Glycol Ester, C18-36 Acid Triglyceride, Dimethiconol, Palmitoyl Tripeptide-1, Palmitoyl Tetrapeptide-7<\/p>\n","protected":false},"excerpt":{"rendered":"<p>Maska koja \u0107e vas iznenaditi sna\u017enim magnetskim svojstvima i pa\u017eljivo odabranim aktivnim sastojcima koji dubinski \u010diste ko\u017eu i \u010dine je bar\u0161unasto mekom i zategnutom.<\/p>\n<p>Potvr\u0111eno i provjereno: MO\u017dETE VJEROVATI U PROIZVOD.<\/p>\n<p>&nbsp;<\/p>\n<p><strong>3 ISTINE O MAGNETNOJ MASKI:<\/strong><\/p>\n<ol>\n<li>Doista se rije\u0161i\u0161 magnetom.<\/li>\n<li>Ko\u017eu dubinski \u010distite i njegujete<\/li>\n<li>Povratne informacije korisnika: WOW!<\/li>\n<\/ol>\n","protected":false},"featured_media":14,"comment_status":"open","ping_status":"closed","template":"","meta":[],"product_cat":[18],"product_tag":[],"_links":{"self":[{"href":"https:\/\/jesuis-cosmetics.com\/croatia\/wp-json\/wp\/v2\/product\/13"}],"collection":[{"href":"https:\/\/jesuis-cosmetics.com\/croatia\/wp-json\/wp\/v2\/product"}],"about":[{"href":"https:\/\/jesuis-cosmetics.com\/croatia\/wp-json\/wp\/v2\/types\/product"}],"replies":[{"embeddable":true,"href":"https:\/\/jesuis-cosmetics.com\/croatia\/wp-json\/wp\/v2\/comments?post=13"}],"wp:featuredmedia":[{"embeddable":true,"href":"https:\/\/jesuis-cosmetics.com\/croatia\/wp-json\/wp\/v2\/media\/14"}],"wp:attachment":[{"href":"https:\/\/jesuis-cosmetics.com\/croatia\/wp-json\/wp\/v2\/media?parent=13"}],"wp:term":[{"taxonomy":"product_cat","embeddable":true,"href":"https:\/\/jesuis-cosmetics.com\/croatia\/wp-json\/wp\/v2\/product_cat?post=13"},{"taxonomy":"product_tag","embeddable":true,"href":"https:\/\/jesuis-cosmetics.com\/croatia\/wp-json\/wp\/v2\/product_tag?post=13"}],"curies":[{"name":"wp","href":"https:\/\/api.w.org\/{rel}","templated":true}]}}