{"id":986,"date":"2020-01-09T09:46:23","date_gmt":"2020-01-09T09:46:23","guid":{"rendered":"https:\/\/jesuis-cosmetics.com\/en\/?page_id=986"},"modified":"2020-01-09T09:46:23","modified_gmt":"2020-01-09T09:46:23","slug":"faq","status":"publish","type":"page","link":"https:\/\/jesuis-cosmetics.com\/en\/faq\/","title":{"rendered":"FAQ"},"content":{"rendered":"<h1>Splo\u0161no o JeSuis\u2026<\/h1>\n<h2>Kaj je zgodba za JeSuis\u2026 kozmetiko?<\/h2>\n<div class=\"is-divider divider clearfix\"><\/div>\n<p>JeSuis \u2026 je francoska besedna zveza, ki pomeni \u201cjaz sem \u2026\u201d in JeSuis \u2026 je kozmeti\u010dna blagovna znamka, ki ljudem omogo\u010da samozavest, da so\u00a0<strong>trendi, neodvisni, mo\u010dni in edinstveni<\/strong>. Na\u0161 uporabnik razume pomembnost\u00a0<strong>nege ko\u017ee<\/strong>, da bo ta\u00a0<strong>zdrava in sijo\u010da<\/strong>. Z JeSuis\u2026 uporabniki znajo u\u017eivati v trenutkih\u00a0<strong>sprostitve<\/strong>, a kljub temu zahtevajo\u00a0<strong>profesionalno<\/strong>\u00a0zasnovane in oblikovane izdelke in zelo resno jemljejo\u00a0<strong>skrb za okolje<\/strong>.<\/p>\n<p>Kozmeti\u010dna znamka JeSuis\u2026 je rezultat 4 generacij predanih strokovnjakov z\u00a0<strong>intuicijo<\/strong>\u00a0za trende in okusom za francosko\u00a0<strong>eleganco<\/strong>. Skozi dolgoletne izku\u0161nje s kozmetiko smo strastno razvili tehnike\u00a0<strong>izjemne nege<\/strong>, ki zaustavlja vidno \u00a0staranje ko\u017ee in\u00a0<strong>ikoni\u010dnih<\/strong>\u00a0izdelkov, ki jih obo\u017eujejo po vsem svetu.<\/p>\n<h2>Kak\u0161ne so vrednote JeSuis-a\u2026?<\/h2>\n<div class=\"is-divider divider clearfix\"><\/div>\n<p>S \u010detrto generacijo, ki se ukvarja s kozmeti\u010dno industrijo, je pri\u0161lo do ogromnega nasledstva vrednot, norm in standardov, ki jim sledimo, med katerimi so proizvodnja\u00a0<strong>vrhunskih izdelkov<\/strong>\u00a0za\u00a0<strong>razumno ceno<\/strong>,\u00a0<strong>u\u010dinkovitost brez kompromisov\u00a0<\/strong>in\u00a0<strong>varnost<\/strong>\u00a0pred dobi\u010dkom.<\/p>\n<p>Da bi dokazali, da smo to, za kar trdimo, da smo, redno spremljamo rezultate svojih izdelkov, njihovo varnost in u\u010dinkovitost pa dokazujemo s \u0161tevilnimi razli\u010dnimi standardi in certifikati.<\/p>\n<h2>Katere certifikate in standarde uporabljate v JeSuis\u2026?<\/h2>\n<div class=\"is-divider divider clearfix\"><\/div>\n<p>Osnovni certifikati, ki jim v na\u0161i tovarni sledimo in smo certificirani, so\u00a0<strong>GMP (ISO22716)\u00a0<\/strong>za kozmeti\u010dno proizvodnjo in\u00a0<strong>ECOCERT COSMOS\u00a0<\/strong>za ekolo\u0161ko paleto izdelkov. Drugi standardi in certifikati, ki jih upo\u0161tevamo, odvisno od vrste izdelka in trditev o izdelkih, so tudi, vendar ne le\u00a0<strong>Vegan`s Choice\u00a0<\/strong>za veganske izdelke,\u00a0<strong>TAC<\/strong>\u00a0(True Active Cosmetics) za izdelke z izjemnimi rezultati,\u00a0<strong>Best4U &amp; Environment<\/strong>, kar je dokaz vi\u0161je stopnje ozave\u0161\u010denosti o skrbi za okolje,\u00a0<strong>CAF<\/strong>\u00a0(klini\u010dno odobrena formula) za formulacije s klini\u010dno testiranimi in dokazanimi rezultati) in\u00a0<strong>Approved by Burstein &amp; Waymore<\/strong>\u00a0za izdelke, ki jih odobri ta organizacija.<\/p>\n<h2>Ali lahko kupim kozmetiko JeSuis\u2026 v trgovinah?<\/h2>\n<div class=\"is-divider divider clearfix\"><\/div>\n<p>Trenutno so izdelki JeSuis\u2026 izklju\u010dno na voljo na spletu. \u010ce se bomo odlo\u010dili za prodajo izdelkov tudi v trgovinah, vas bomo o tem obvestili.<\/p>\n<h2>Od kod je JeSuis\u2026 kozmetika?<\/h2>\n<div class=\"is-divider divider clearfix\"><\/div>\n<p>JeSuis\u2026 je blagovna znamka, proizvedena z ljubeznijo in strastjo z evropskimi surovinami v srcu Evrope, majhne, \u200b\u200ba hkrati lepe dr\u017eave, imenovane sLOVEnia.<\/p>\n<h2>Kako se obrnem na slu\u017ebo za stranke?<\/h2>\n<div class=\"is-divider divider clearfix\"><\/div>\n<p>Na\u0161a slu\u017eba za pomo\u010d strankam je na voljo od ponedeljka do petka od 8:00 do 15:00 (EST) (razen ob dr\u017eavnih praznikih). Na nas se lahko obrnete na 00386 40 133 266 ali po elektronski po\u0161ti office@jesuis-cosmetics.com\/en.<\/p>\n<h2>Kako se prijavim na e-novice?<\/h2>\n<div class=\"is-divider divider clearfix\"><\/div>\n<p>Na na\u0161e e-po\u0161tne novice se lahko prijavite tako, da vpi\u0161ete svoj elektronski naslov in potrdite polje \u00bbPrijavite se za novice\u00ab na dnu spletne strani.<\/p>\n<h2>Kako prekli\u010dem naro\u010dnino na e-po\u0161to?<\/h2>\n<div class=\"is-divider divider clearfix\"><\/div>\n<p>\u010ce \u017eelite preklicati \/ odjaviti prejemanje e-po\u0161tnih sporo\u010dil, to naredite tako, da v prejetem e-mailu kliknete na povezavo \u00bbOdjavi se\u00ab. \u010ce nam raje po\u0161ljete e-po\u0161tno sporo\u010dilo o tem, bomo to storili v va\u0161em imenu ro\u010dno. V tem primeru po\u0161ljite e-po\u0161tno sporo\u010dilo na office@jesuis-cosmetics.com\/en.<\/p>\n<h2>Kaj storim, \u010de sem na\u0161el izdelek JeSuis\u2026 in sumim, da je ponarejen?<\/h2>\n<div class=\"is-divider divider clearfix\"><\/div>\n<p>Ena od misij JeSuis-a je za\u0161\u010dititi na\u0161o blagovno znamko in kupce. \u010ce na spletu ali v trgovini vidite izdelek, za katerega sumite, da je ponarejen, po\u0161ljite vse informacije na office@jesuis-cosmetics.com\/en. \u010ce je mogo\u010de, prilo\u017eite slike referen\u010dnega izdelka in lokacijo, kjer ste ga na\u0161li.<\/p>\n<h2>Kak\u0161ne informacije po\u0161iljate v e-mailih in kako pogosto?<\/h2>\n<div class=\"is-divider divider clearfix\"><\/div>\n<p>V e-mailih vas bomo obve\u0161\u010dali o ekskluzivnih novicah v zvezi z JeSuis\u2026, dodajali bomo nasvete za li\u010denje in nego ko\u017ee z recepti za doma\u010do uporabo in priporo\u010dila, intervjuje in vas obve\u0161\u010dali o aktualnih dogodkih.<\/p>\n<p>Izkoristite lahko ekskluzivne nakupovalne ponudbe, posebne promocije, prejemate vzorce ob va\u0161ih naro\u010dilih in \u0161e veliko, veliko ve\u010d! Poleg tega boste prvi izvedeli vse o novih izdelkih in o drugih zabavnih dogodkih. Obljubimo, da bomo ohranili minimalno pogostost glasila, da prepre\u010dimo nasi\u010denost va\u0161ega po\u0161tnega nabiralnika.<\/p>\n<h1>Bolj podrobno o izdelkih JeSuis\u2026<\/h1>\n<h2>Ali so va\u0161i izdelki testirani na \u017eivalih?<\/h2>\n<div class=\"is-divider divider clearfix\"><\/div>\n<p>V JeSuis\u2026 imamo radi \u017eivali in zato svojih izdelkov ne testiramo na \u017eivalih.<\/p>\n<p>Poleg tega je v EU testiranje na \u017eivalih prepovedano od 11. marca 2009. Marca 2013 je EU dala v veljavo prepoved prodaje kozmetike, testirane na \u017eivalih. Ta prepoved velja tako za kozmeti\u010dne izdelke kot sestavine.<\/p>\n<h2>So JeSuis\u2026 izdelki 100% naravni?<\/h2>\n<div class=\"is-divider divider clearfix\"><\/div>\n<p>Vsi na\u0161i izdelki se zgledujejo po materi Naravi.<\/p>\n<p>Kadar koli je mogo\u010de, uporabljamo naravne sestavine najvi\u0161je kakovosti pred sinteti\u010dnimi. V \u017eelji, da bi ustvarili izdelke, ki zagotavljajo najvi\u0161jo raven varnosti in u\u010dinkovitosti, v\u010dasih nimamo na voljo zanesljive ali u\u010dinkovite naravne sestavine. V teh primerih uporabljamo sinteti\u010dni nadomestek. Zato so izdelki JeSuis\u2026 me\u0161anica naravnih sestavin in sodobne znanosti, ki nudijo edinstveno izku\u0161njo s potrjenimi in standardiziranimi rezultati.<\/p>\n<h2>Ali so vsi JeSuis\u2026 izdelki Cruelty free?<\/h2>\n<div class=\"is-divider divider clearfix\"><\/div>\n<p>Izdelki v na\u0161em velikem portfelju so izdelani v skladu z na\u0161imi vrednotami in ljubeznijo do \u017eivali.<\/p>\n<p>\u010ce vas zanima status dolo\u010denega izdelka in kompatibilnost s standardom Cruelty free, nas kontaktirajte in pomagali vam bomo z vsemi odgovori.<\/p>\n<h2>Ali so vsi izdelki izdelani v skladu s certifikatom Vegan`s choice?<\/h2>\n<div class=\"is-divider divider clearfix\"><\/div>\n<p>\u0160tevilni na\u0161i izdelki niso samo izdelani v skladu z Vegan`s choice, ampak tudi certificirani s tem standardom!<\/p>\n<p>Na dnu vsake strani izdelkov JeSuis\u2026 v trgovini je seznam sestavin v posameznem izdelku. Poleg tega, \u010de je izdelek certificiran s certifikatom Vegan`s Choice, boste te informacije videli v opisu izdelka. Nekateri izdelki so lahko s standardom Vegan`s Choice usklajeni, vendar je certificiranje \u0161e vedno v postopku, zato svojim strankam vedno ponudimo celoten seznam sestavin za vsak izdelek in sami se lahko odlo\u010dite, ali ustreza va\u0161im osebnim prepri\u010danjem in \u017eivljenjskemu slogu.<\/p>\n<h2>Ali lahko dobim seznam sestavin v va\u0161ih izdelkih?<\/h2>\n<div class=\"is-divider divider clearfix\"><\/div>\n<p>Na dnu vsake strani izdelkov JeSuis\u2026 v trgovini JeSuis\u2026 je seznam sestavin, kjer najdete podrobnosti o izdelku, ki vas zanimajo.<\/p>\n<h2>Lahko dobim vzorec JeSuis\u2026 izdelka?<\/h2>\n<div class=\"is-divider divider clearfix\"><\/div>\n<p>Ob\u010dasno so na voljo vzorci; trenutno pa vzorcev po po\u0161ti ne po\u0161iljamo.<\/p>\n<p>Ko bodo vzorci na voljo, vas bomo obvestili s pomo\u010djo glasila ali na na\u0161i spletni strani.<\/p>\n<h2>Ali lahko va\u0161i izdelki pri uporabi povzro\u010dijo alergijsko reakcijo?<\/h2>\n<div class=\"is-divider divider clearfix\"><\/div>\n<p>Va\u0161a varnost je na\u0161a najve\u010dja skrb. \u010ce nimate alergij na kozmeti\u010dne izdelke in nimate potrjenih alergij, potem ste popolnoma na varni strani.<\/p>\n<p>Vendar ne pozabite, da lahko vsaka sestavina okoli nas potencialno spro\u017ei alergijo. Nekateri ljudje lahko ob uporabi kozmetike naletijo na blage ali zmerne ne\u017eelene stranske u\u010dinke. \u010ce niste prepri\u010dani o mo\u017enih alergijah, priporo\u010damo, da vsaki\u010d, ko naletite na nov izdelek, naredite test alergije na notranji strani podlahti.<\/p>\n<h2>Kako narediti test za alergijo?<\/h2>\n<div class=\"is-divider divider clearfix\"><\/div>\n<p>Na notranji del podlahti nanesite majhno koli\u010dino izdelka in po\u010dakajte 48-72 ur, da vidite rezultat.<\/p>\n<p>\u010ce na predelu, kamor ste namazali izdelek opazite oteklino, pordelost ali je obmo\u010dje, na katero ste nanesli izdelek srbe\u010de, je to lahko jasen znak, da va\u0161a ko\u017ea izdelka ne prena\u0161a, zato tega izdelka ne priporo\u010damo za uporabo.<\/p>\n<h2>Sem nov uporabnik JeSuis\u2026 Koliko \u010dasa bo trajalo, preden na svoji ko\u017ei vidim prve rezultate?<\/h2>\n<div class=\"is-divider divider clearfix\"><\/div>\n<p>JeSuis\u2026 je oblikovan tako, da takoj izbolj\u0161a va\u0161e po\u010dutje na ko\u017ei.<\/p>\n<p>Va\u0161a ko\u017ea potrebuje 28-30 dni, da se regenerira po naravni poti, medtem ko bo JeSuis razvajal va\u0161o ko\u017eo nemudoma in \u017ee od prve uporabe naprej za\u010dnete opa\u017eati bolj gladko, bolj sijo\u010do ko\u017eo. Redna uporaba v mesecu dni bo zagotovila dodatne rezultate, saj bo ko\u017ea lep\u0161a, ten bo bolj poenoten, videz gub in drobnih linij se bo zmanj\u0161al, iz\u010drpavanje kolagena v ko\u017ei pa bo upo\u010dasnjeno.<\/p>\n<h2>Kako pogosto v podjetju JeSuis predstavljate nove izdelke?<\/h2>\n<div class=\"is-divider divider clearfix\"><\/div>\n<p>Tako zelo radi oblikujemo izdelke, da nove izdelke k obstoje\u010dim linijam dodajamo ve\u010dkrat letno.<\/p>\n<p>O mojem naro\u010dilu<\/p>\n<h2>Ali sprejemate mednarodna naro\u010dila?<\/h2>\n<div class=\"is-divider divider clearfix\"><\/div>\n<p>Mednarodne kupce po vsem svetu vabimo, da oddajo naro\u010dilo v na\u0161i spletni trgovini.<\/p>\n<h2>Kako naro\u010dim prek spleta?<\/h2>\n<div class=\"is-divider divider clearfix\"><\/div>\n<p>Naro\u010danje izdelkov preko spleta je v JeSuis\u2026 trgovini zelo preprosto.<\/p>\n<p>Dodajte izdelke v svoje naro\u010dilo tako, da izberete izdelek in koli\u010dino in izberite \u201cdodaj v ko\u0161arico.\u201d<\/p>\n<p><strong>1<\/strong>. Dodajte izdelke v svoje naro\u010dilo tako, da izberete izdelek in koli\u010dino in izberite \u201cdodaj v ko\u0161arico.\u201d<br \/>\n<strong>2<\/strong>. Va\u0161 skupni znesek naro\u010dila se bo prikazal v nakupovalni ko\u0161arici, kjer lahko za ogled izdelkov v ko\u0161arici kliknete \u00bbPrika\u017ei ko\u0161arico in nadaljuj z nakupovanjem\u00ab.<br \/>\n<strong>3<\/strong>. Ko pritisnete \u00bbna blagajno\u00ab, preprosto izpolnite zahtevane podatke o po\u0161iljanju in obra\u010dunu ter oddajte naro\u010dilo.<br \/>\n<strong>4<\/strong>. Va\u0161e naro\u010dilo bomo obdelali v roku 1-2 delovnih dni; prejeli boste takoj\u0161njo e-po\u0161to, ki potrdi va\u0161e naro\u010dilo.<\/p>\n<h2>Ali se moram registrirati za oddajo naro\u010dila?<\/h2>\n<div class=\"is-divider divider clearfix\"><\/div>\n<p>Za oddajo naro\u010dila registracija ni potrebna.<\/p>\n<h1>O nakupovanju<\/h1>\n<h2>Ali je to spletno mesto varno in kako lahko vem, da so moji podatki varni?<\/h2>\n<div class=\"is-divider divider clearfix\"><\/div>\n<p>Naro\u010danje v spletni trgovini JeSuis\u2026 preko spleta je varno in zavarovano.<\/p>\n<p>Ko kliknete \u00bbPregled naro\u010dila\u00ab, ste na varnem stre\u017eniku, ki uporablja napredno tehnologijo \u0161ifriranja Secure Socket Layer (SSL). Podatki o va\u0161i kreditni kartici so \u0161ifrirani, ko so poslani k nam in shranjeni v varnem okolju. SSL nepoobla\u0161\u010denim strankam prakti\u010dno ne omogo\u010da branja informacij, ki nam jih po\u0161ljete prek varnega stre\u017enika. \u010ce se \u0161e vedno ne po\u010dutite udobno pri naro\u010danju preko spleta, va\u0161e naro\u010dilo z veseljem prevzamemo na telefonski \u0161tevilki +386 40 133 266 od ponedeljka do petka od 8.00 do 15.00.<\/p>\n<h2>Katere na\u010dine pla\u010dila sprejemate?<\/h2>\n<div class=\"is-divider divider clearfix\"><\/div>\n<p>Sprejemamo vse glavne kreditne kartice, PayPal, doma\u010de po\u0161iljke pa je mogo\u010de pla\u010dati tudi po povzetju na\u0161emu partnerju GLS.<\/p>\n<h2>Zakaj moj najljub\u0161i izdelek \u201cza\u010dasno ni na zalogi?\u201d<\/h2>\n<div class=\"is-divider divider clearfix\"><\/div>\n<p>Trudimo se, da so izdelki JeSuis, ki se prodajajo na spletu, vedno na zalogi.<\/p>\n<p>Vendar pa se lahko zgodi, da zaradi prevelikega povpra\u0161evanja kak\u0161nega izdelka za\u010dasno nimamo na zalogi. \u010ce je izdelek ozna\u010den kot \u00bbza\u010dasno brez zaloge\u00ab, pri\u010dakujemo, da bo izdelek v bli\u017enji prihodnosti spet na zalogi. Vnesite svoj e-po\u0161tni naslov, da boste obve\u0161\u010deni o posodobitvah zalog.<\/p>\n<h2>Koliko izdelkov lahko kupim v enem nakupu?<\/h2>\n<div class=\"is-divider divider clearfix\"><\/div>\n<p>Za naro\u010dila na transakcijo ni omejitev, vendar pa za naro\u010dila ve\u010dje koli\u010dine izdelkov pla\u010dilo po povzetju ni mogo\u010de. Sprejmemo lahko le pla\u010dila s karticami ali pa preko PayPal.<\/p>\n<h1>O po\u0161iljanju izdelkov<\/h1>\n<h2>Kako prejmem naro\u010dene izdelke?<\/h2>\n<div class=\"is-divider divider clearfix\"><\/div>\n<p>Na\u0161 pogodbeni partner je GLS. Vse pakete bo dostavila njihova visoko strokovna ekipa.<\/p>\n<p>Njihova ekipa vas bo obvestila o pribli\u017enem datumu in uri dostave. \u010ce takrat niste na voljo, vam bodo dali informacije o tem, kdaj in kako lahko prevzamete svoj paket.<\/p>\n<h2>Kdaj bom prejel naro\u010dilo?<\/h2>\n<div class=\"is-divider divider clearfix\"><\/div>\n<p>Za vsa prejeta naro\u010dila do 13:00 bomo poskrbeli, da bodo odposlana \u0161e isti dan, naro\u010dila po 13:00 pa boste prejeli najkasneje v 1-2 dnevih.<\/p>\n<p>Izdelkov ne odpremljamo ob dr\u017eavnih praznikih in med vikendi. Naro\u010dila, prejeta v tem \u010dasu, bodo odposlana prvi delovni dan zatem.<\/p>\n<p>Za naro\u010dila do 49,99 \u20ac je cena po\u0161iljanja 5,00 \u20ac, za vsa naro\u010dila nad 50 \u20ac pa je dostava brezpla\u010dna.<\/p>\n<h2>Kaj storim, \u010de se moj paket izgubi ali je ukraden?<\/h2>\n<div class=\"is-divider divider clearfix\"><\/div>\n<p>\u010ce se je va\u0161 paket izgubil ali menite, da je bil ukraden, nas obvestite prek e-po\u0161te office@jesuis-cosmetics.com\/en in posku\u0161ali vam bomo pomagati.<\/p>\n<h2>Ali dostavljate na po\u0161tne predale?<\/h2>\n<div class=\"is-divider divider clearfix\"><\/div>\n<p>\u017dal vam ne moremo zagotoviti dostave na naslov po\u0161tnega predala.<\/p>\n<h1>Vra\u010dilo, zamenjava ali preklic naro\u010dila<\/h1>\n<h2>Kako vrnem izdelek, ki mi ne ustreza?<\/h2>\n<div class=\"is-divider divider clearfix\"><\/div>\n<p>JeSuis\u2026 \u017eeli, da ste z nakupom zadovoljni. \u010ce \u017eelite vrniti izdelek JeSuis\u2026, preverite na\u0161 Pravilnik o vra\u010dilu izdelkov spodaj na spletni strani JeSuis\u2026.<\/p>\n<h2>Ali moram vrniti izdelek, da dobim povra\u010dilo denarja?<\/h2>\n<div class=\"is-divider divider clearfix\"><\/div>\n<p>Za vrnitev celotnega vra\u010dila kupnine izdelka morate izdelek vrniti. \u010ce \u017eelite ve\u010d informacij in izvedeti ve\u010d o postopku, preverite na\u0161 Pravilnik o vra\u010dilu ali nas kontaktirajte na\u00a0<a href=\"mailto:office@jesuis-cosmetics.com\/en\">office@jesuis-cosmetics.com\/en<\/a>.<\/p>\n<h2>Kaj pa, \u010de \u017eelim zamenjavo pokvarjenega izdelka in ne vra\u010dilo kupnine?<\/h2>\n<div class=\"is-divider divider clearfix\"><\/div>\n<p>\u010ce \u017eelite namesto vra\u010dila prejeti zamenjavo izdelka, nas o tem obvestite in pripravili bomo vse potrebno.<\/p>\n<p>Da bi zagotovili \u010dimprej\u0161njo razre\u0161itev, po\u0161iljko hranite v originalnem paketu po\u0161iljke in po\u0161kodovan ali pokvarjen izdelek naj bo pripravljen za pregled. \u010ce po pregledu izdelka potrdimo, da je po\u0161kodovan ali pokvarjen, vam bomo izdali zamenjavo.<\/p>\n<h2>Kak\u0161na je va\u0161a politika vra\u010danja \/ menjave?<\/h2>\n<div class=\"is-divider divider clearfix\"><\/div>\n<p>Za popolno politiko vra\u010dila \/ menjave preverite na\u0161o Politiko vra\u010dila in Splo\u0161ne pogoje, objavljene na strani.<\/p>\n<h2>Po\u0161kodovani ali nedelujo\u010di izdelki:<\/h2>\n<div class=\"is-divider divider clearfix\"><\/div>\n<p>Ko prispejo va\u0161i naro\u010deni JeSuis\u2026 izdelki, preverite, ali so na pakiranju morebitne po\u0161kodbe ali napake.<\/p>\n<p>Obi\u010dajno je, da paket tekom dostave poka\u017ee nekaj obrabe, \u010de pa menite, da je izdelek v va\u0161i po\u0161iljki po\u0161kodovan, prosimo, opozorite na to GLS \u017ee ob dostavi blaga, pripravili bodo zapisnik glede paketa. Naknadno pa nas kontaktirate tudi na office@jesuis-cosmetics.com\/en ali 00386 40 133 266.<\/p>\n<h1>\u017delite sodelovati z nami?<\/h1>\n<h2>Kako lahko na svojem blogu \/ vlog \/ Instagram \/ Facebook prejmem sponzorstvo za pregled izdelkov?<\/h2>\n<div class=\"is-divider divider clearfix\"><\/div>\n<p>Zahvaljujemo se za va\u0161e zanimanje in interes za \u0161irjenje ljubezni in strasti do na\u0161ih izdelkov.<\/p>\n<p>Z veseljem bomo prebrali va\u0161 mail o sponzoriranju izdelkov na office@jesuis-cosmetics.com\/en.<\/p>\n<p>Vloge bloggerja \/ vloggerja \/ Instagrama \/ Facebooka pregledujemo za vsak primer posebej. O na\u0161i odlo\u010ditvi vas bomo obvestili, ko bomo pregledali va\u0161o prijavo.<\/p>\n<h2>Ali lahko postanem va\u0161 distributer?<\/h2>\n<div class=\"is-divider divider clearfix\"><\/div>\n<p>Vabimo nove distributerje s podobnimi vrednotami in energijo, da sodelujejo z nami.<\/p>\n<p>Hvale\u017eni smo za va\u0161e zanimanje in z veseljem bomo prebrali va\u0161 na\u010drt distribucije in zahteve lokalnega trga na office@jesuis-cosmetics.com\/en. Na\u010drte distribucije pregledujemo za vsak primer posebej.<\/p>\n<h2>Rad bi postal del JeSuis-ove\u2026 zgodbe. Kako se lahko prijavim za slu\u017ebo?<\/h2>\n<div class=\"is-divider divider clearfix\"><\/div>\n<p>Hvala, ker ste pokazali zanimanje, da postanete del zgodbe JeSuis \u2026<\/p>\n<p>Vedno nas zanimajo sve\u017ee ideje o mo\u017enem sodelovanju z razli\u010dnimi profili strokovnjakov in sodelavci podporne ekipe. \u010ce verjamete, da lahko odlo\u010dilno prispevate k na\u0161i organizaciji, z nami delite svoj \u201czmagovalni na\u010drt\u201d in z veseljem ga bomo prebrali in v primeru, da nam bo res v\u0161e\u010d, vas bomo povabili na uvodni intervju.<\/p>\n","protected":false},"excerpt":{"rendered":"<p>Splo\u0161no o JeSuis\u2026 Kaj je zgodba za JeSuis\u2026 kozmetiko? JeSuis \u2026 je francoska besedna zveza, ki pomeni \u201cjaz sem \u2026\u201d in JeSuis \u2026 je kozmeti\u010dna blagovna znamka, ki ljudem omogo\u010da samozavest, da so\u00a0trendi, neodvisni, mo\u010dni in edinstveni. Na\u0161 uporabnik razume pomembnost\u00a0nege ko\u017ee, da bo ta\u00a0zdrava in sijo\u010da. Z JeSuis\u2026 uporabniki znajo u\u017eivati v trenutkih\u00a0sprostitve, a [&#8230;]\n","protected":false},"author":1,"featured_media":0,"parent":0,"menu_order":0,"comment_status":"closed","ping_status":"closed","template":"","meta":[],"_links":{"self":[{"href":"https:\/\/jesuis-cosmetics.com\/en\/wp-json\/wp\/v2\/pages\/986"}],"collection":[{"href":"https:\/\/jesuis-cosmetics.com\/en\/wp-json\/wp\/v2\/pages"}],"about":[{"href":"https:\/\/jesuis-cosmetics.com\/en\/wp-json\/wp\/v2\/types\/page"}],"author":[{"embeddable":true,"href":"https:\/\/jesuis-cosmetics.com\/en\/wp-json\/wp\/v2\/users\/1"}],"replies":[{"embeddable":true,"href":"https:\/\/jesuis-cosmetics.com\/en\/wp-json\/wp\/v2\/comments?post=986"}],"version-history":[{"count":1,"href":"https:\/\/jesuis-cosmetics.com\/en\/wp-json\/wp\/v2\/pages\/986\/revisions"}],"predecessor-version":[{"id":988,"href":"https:\/\/jesuis-cosmetics.com\/en\/wp-json\/wp\/v2\/pages\/986\/revisions\/988"}],"wp:attachment":[{"href":"https:\/\/jesuis-cosmetics.com\/en\/wp-json\/wp\/v2\/media?parent=986"}],"curies":[{"name":"wp","href":"https:\/\/api.w.org\/{rel}","templated":true}]}}